{"id":4291,"date":"2023-05-24T10:31:10","date_gmt":"2023-05-24T08:31:10","guid":{"rendered":"https:\/\/es.wubook.net\/blog\/?page_id=4291"},"modified":"2023-05-24T10:37:59","modified_gmt":"2023-05-24T08:37:59","slug":"4291-2","status":"publish","type":"page","link":"https:\/\/es.wubook.net\/blog\/4291-2","title":{"rendered":"SOLICITA TU KIT DIGITAL"},"content":{"rendered":"<div class=\"wp-block-image\">\n<figure class=\"aligncenter size-full is-resized\"><img fetchpriority=\"high\" decoding=\"async\" src=\"https:\/\/es.wubook.net\/blog\/wp-content\/uploads\/2023\/05\/kitdigital.png\" alt=\"\" class=\"wp-image-4296\" width=\"1024\" height=\"305\" srcset=\"https:\/\/es.wubook.net\/blog\/wp-content\/uploads\/2023\/05\/kitdigital.png 1024w, https:\/\/es.wubook.net\/blog\/wp-content\/uploads\/2023\/05\/kitdigital-300x89.png 300w, https:\/\/es.wubook.net\/blog\/wp-content\/uploads\/2023\/05\/kitdigital-768x229.png 768w, https:\/\/es.wubook.net\/blog\/wp-content\/uploads\/2023\/05\/kitdigital-600x179.png 600w\" sizes=\"(max-width: 1024px) 100vw, 1024px\" \/><\/figure>\n<\/div>\n\n\n<div class=\"wp-block-columns is-layout-flex wp-container-core-columns-is-layout-9d6595d7 wp-block-columns-is-layout-flex\">\n<div class=\"wp-block-column is-layout-flow wp-block-column-is-layout-flow\">\n<h2 class=\"has-x-large-font-size wp-block-heading\" style=\"font-style:normal;font-weight:700\"><strong><strong>\u00bfQu\u00e9 es?<\/strong><\/strong><\/h2>\n\n\n\n<p class=\"has-medium-font-size\"><strong>Kit Digital es una iniciativa del Gobierno de Espa\u00f1a,<\/strong>\u00a0cuyo objetivo es subvencionar la implantaci\u00f3n de soluciones digitales disponibles en el mercado para conseguir un avance significativo en el nivel de madurez digital.<\/p>\n\n\n\n<h2 class=\"has-x-large-font-size wp-block-heading\"><strong>\u00bfA qui\u00e9n va dirigido?<\/strong><\/h2>\n\n\n\n<p class=\"has-medium-font-size\">Las soluciones digitales que proporciona el Kit Digital est\u00e1n orientadas a las necesidades de las peque\u00f1as empresas, microempresas y trabajadores aut\u00f3nomos, que pertenezcan a cualquier sector o tipolog\u00eda de negocio.<\/p>\n<\/div>\n<\/div>\n\n\n\n<div class=\"wp-block-columns is-layout-flex wp-container-core-columns-is-layout-9d6595d7 wp-block-columns-is-layout-flex\">\n<div class=\"wp-block-column is-layout-flow wp-block-column-is-layout-flow\">\n<figure class=\"wp-block-embed is-type-video is-provider-youtube wp-block-embed-youtube wp-embed-aspect-16-9 wp-has-aspect-ratio\"><div class=\"wp-block-embed__wrapper\">\n<iframe title=\"A qui\u00e9n va dirigido el Kit Digital\" width=\"960\" height=\"540\" src=\"https:\/\/www.youtube.com\/embed\/lPR-pA5zPMg?feature=oembed\" frameborder=\"0\" allow=\"accelerometer; autoplay; clipboard-write; encrypted-media; gyroscope; picture-in-picture; web-share\" allowfullscreen><\/iframe>\n<\/div><figcaption class=\"wp-element-caption\"><strong>Kit Digital es una iniciativa del Gobierno de Espa\u00f1a <\/strong><a href=\"https:\/\/www.acelerapyme.es\/kit-digital\" target=\"_blank\" rel=\"noreferrer noopener\">https:\/\/www.acelerapyme.es\/kit-digital<\/a><\/figcaption><\/figure>\n<\/div>\n<\/div>\n\n\n\n<div class=\"wp-block-columns is-layout-flex wp-container-core-columns-is-layout-9d6595d7 wp-block-columns-is-layout-flex\">\n<div class=\"wp-block-column is-layout-flow wp-block-column-is-layout-flow\">\n<p class=\"has-large-font-size\"><strong>C\u00f3mo solicitar tu Kit Digital en 3 pasos<\/strong><\/p>\n\n\n\n<figure class=\"wp-block-image size-full\"><img decoding=\"async\" width=\"90\" height=\"79\" src=\"https:\/\/es.wubook.net\/blog\/wp-content\/uploads\/2023\/05\/01.png\" alt=\"\" class=\"wp-image-4334\"\/><\/figure>\n\n\n\n<p class=\"has-medium-font-size\"><strong>Reg\u00edstrate<\/strong>\u00a0en\u00a0<a href=\"https:\/\/www.acelerapyme.es\/user\/login\" target=\"_blank\" rel=\"noreferrer noopener\"><strong><span style=\"text-decoration: underline;\">acelerapyme<\/span><\/strong><\/a>\u00a0y completa<strong>\u00a0<\/strong>el\u00a0<a href=\"https:\/\/www.acelerapyme.es\/quieres-conocer-el-grado-de-digitalizacion-de-tu-pyme\" target=\"_blank\" rel=\"noreferrer noopener\"><strong><span style=\"text-decoration: underline;\">test de diagn\u00f3stico digital<\/span><\/strong><\/a><\/p>\n\n\n\n<figure class=\"wp-block-image size-full\"><img decoding=\"async\" width=\"83\" height=\"68\" src=\"https:\/\/es.wubook.net\/blog\/wp-content\/uploads\/2023\/05\/02.png\" alt=\"\" class=\"wp-image-4335\"\/><\/figure>\n\n\n\n<p class=\"has-medium-font-size\"><strong>Consulta\u00a0<\/strong>la informaci\u00f3n disponible de las\u00a0<a href=\"https:\/\/www.acelerapyme.es\/kit-digital\/soluciones-digitales\" target=\"_blank\" rel=\"noreferrer noopener\"><strong><span style=\"text-decoration: underline;\">soluciones de digitalizaci\u00f3n<\/span><\/strong><\/a>\u00a0que pondr\u00e1 a tu disposici\u00f3n el programa Kit Digital.<\/p>\n\n\n\n<figure class=\"wp-block-image size-full\"><img loading=\"lazy\" decoding=\"async\" width=\"84\" height=\"65\" src=\"https:\/\/es.wubook.net\/blog\/wp-content\/uploads\/2023\/05\/03.png\" alt=\"\" class=\"wp-image-4336\"\/><\/figure>\n\n\n\n<p class=\"has-medium-font-size\"><strong>Accede<\/strong>&nbsp;a los tr\u00e1mites para solicitar tu bono Kit Digital en funci\u00f3n del n\u00famero de empleados que tenga tu pyme.<\/p>\n\n\n\n<p class=\"has-medium-font-size\"><a href=\"https:\/\/www.acelerapyme.es\/sites\/acelerapyme\/files\/2022-07\/Modelo%20de%20representante%20voluntario.pdf\" target=\"_blank\" rel=\"noreferrer noopener\"><strong><span style=\"text-decoration: underline;\">Descarga<\/span><\/strong><\/a>\u00a0el nuevo modelo de representante voluntario <strong><a href=\"https:\/\/www.acelerapyme.es\/kit-digital\/notas\" target=\"_blank\" rel=\"noreferrer noopener\">*<\/a>.<\/strong><\/p>\n\n\n\n<p class=\"has-medium-font-size\"><a href=\"https:\/\/sedepkd.pre.red.es\/oficina\/tramites\/altaSolicitud.do?proc=C015\" target=\"_blank\" rel=\"noreferrer noopener\"><strong><span style=\"text-decoration: underline;\">Acceso<\/span><\/strong><\/a>\u00a0al entorno de pruebas de la convocatoria dirigida al segmento II de beneficiarios <span style=\"text-decoration: underline;\"><a href=\"https:\/\/www.acelerapyme.es\/kit-digital\/notas\" target=\"_blank\" rel=\"noreferrer noopener\"><strong>**<\/strong><\/a>.<\/span><\/p>\n\n\n\n<figure class=\"wp-block-image size-large\"><img loading=\"lazy\" decoding=\"async\" width=\"1030\" height=\"341\" src=\"https:\/\/es.wubook.net\/blog\/wp-content\/uploads\/2023\/05\/image-1030x341.png\" alt=\"\" class=\"wp-image-4346\" srcset=\"https:\/\/es.wubook.net\/blog\/wp-content\/uploads\/2023\/05\/image-1030x341.png 1030w, https:\/\/es.wubook.net\/blog\/wp-content\/uploads\/2023\/05\/image-300x99.png 300w, https:\/\/es.wubook.net\/blog\/wp-content\/uploads\/2023\/05\/image-768x254.png 768w, https:\/\/es.wubook.net\/blog\/wp-content\/uploads\/2023\/05\/image-600x199.png 600w, https:\/\/es.wubook.net\/blog\/wp-content\/uploads\/2023\/05\/image.png 1366w\" sizes=\"(max-width: 1030px) 100vw, 1030px\" \/><\/figure>\n\n\n\n<h2 class=\"has-large-font-size wp-block-heading\" style=\"font-style:normal;font-weight:700\">Wubook como <strong>Agente Digitalizador\u00a0<\/strong><\/h2>\n\n\n\n<p><\/p>\n\n\n\n<p class=\"has-medium-font-size\">Cuando aprueben tu Bono Digital puedes seleccionar a <strong><span style=\"text-decoration: underline;\">Wubook<\/span><\/strong> como agente digitalizador.<\/p>\n\n\n\n<p class=\"has-medium-font-size\">Recuerda que las herramientas digitales que ofrecemos son las siguientes: <\/p>\n\n\n\n<p class=\"has-medium-font-size\"><strong>PMS:<\/strong>\u00a0Sistema de Gesti\u00f3n de Alojamientos Tur\u00edsticos<\/p>\n\n\n\n<p class=\"has-medium-font-size\">Precios: <a href=\"https:\/\/es.wubook.net\/page\/precios-22.html\" target=\"_blank\" rel=\"noreferrer noopener\"><strong><span style=\"text-decoration: underline;\">desde 12 Euros a 47 Euros <\/span><\/strong><\/a><\/p>\n\n\n\n<p class=\"has-medium-font-size\"><strong>Channel Manager:<\/strong>\u00a0Nuestro Channel Manager te ayuda a gestionar precios, disponibilidad y restricciones, actualizando autom\u00e1ticamente las OTAs (Booking, Expedia, Airbnb y muchas otras) y Metasearch (Google, Trivago y Tripadvisor).<\/p>\n\n\n\n<p class=\"has-medium-font-size\">Precios: <a href=\"https:\/\/es.wubook.net\/page\/precios-22.html\" target=\"_blank\" rel=\"noreferrer noopener\"><strong><span style=\"text-decoration: underline;\">desde 7 euros<\/span><\/strong><\/a><\/p>\n\n\n\n<p class=\"has-medium-font-size\"><strong>Motor de Reservas:<\/strong>\u00a0este Motor de Reservas permite a tus hu\u00e9spedes reservar directamente sin salir de tu p\u00e1gina web<\/p>\n\n\n\n<p class=\"has-medium-font-size\">\u00a0Precios: <a href=\"https:\/\/es.wubook.net\/page\/precios-22.html\" target=\"_blank\" rel=\"noreferrer noopener\"><strong><span style=\"text-decoration: underline;\">desde 22 euros<\/span><\/strong><\/a><\/p>\n\n\n\n<p class=\"has-medium-font-size\"><strong>P\u00e1gina web para tu propiedad r\u00e1pida y sencilla<\/strong>: Con Zak Sitio Web puedes crear un sitio web para hoteles, B&amp;bs, casas de vacaciones y apartamentos de una manera f\u00e1cil y eficaz. Puedes elegir entre diferentes plantillas, que adem\u00e1s puedes cambiar peri\u00f3dicamente para estar siempre actualizado al estilo del momento y cambiar tu dise\u00f1o manteniendo tu contenido.<\/p>\n\n\n\n<p class=\"has-medium-font-size\">Precios: <a href=\"https:\/\/es.wubook.net\/page\/precios-22.html\" target=\"_blank\" rel=\"noreferrer noopener\"><strong><span style=\"text-decoration: underline;\">desde 9 euros<\/span><\/strong><\/a><\/p>\n\n\n\n<p><\/p>\n\n\n\n<h2 class=\"has-text-align-left has-text-color has-large-font-size wp-block-heading\" style=\"color:#03253d\"><strong><a href=\"https:\/\/es.wubook.net\/page\/Contact-25.html\" target=\"_blank\" rel=\"noreferrer noopener\">CONTACTANOS<\/a> O SI ERES UN NUEVO CLIENTE <a href=\"https:\/\/es.wubook.net\/page\/Get-started-with-WuBook-23.html\" target=\"_blank\" rel=\"noreferrer noopener\">CREA UNA CUENTA<\/a> PARA M\u00c1S DETALLES Y UN PRESUPUESTO PERSONALIZADO<\/strong><\/h2>\n\n\n<div class=\"wp-block-image\">\n<figure class=\"alignleft size-full\"><img loading=\"lazy\" decoding=\"async\" width=\"300\" height=\"150\" src=\"https:\/\/es.wubook.net\/blog\/wp-content\/uploads\/2023\/05\/image-2.png\" alt=\"\" class=\"wp-image-4350\"\/><\/figure>\n<\/div>\n\n\n<p><\/p>\n<\/div>\n<\/div>\n","protected":false},"excerpt":{"rendered":"<p>\u00bfQu\u00e9 es? Kit Digital es una iniciativa del Gobierno de Espa\u00f1a,\u00a0cuyo objetivo es subvencionar la implantaci\u00f3n de soluciones&#8230;<\/p>\n","protected":false},"author":965,"featured_media":0,"parent":0,"menu_order":0,"comment_status":"closed","ping_status":"closed","template":"","meta":{"footnotes":""},"class_list":["post-4291","page","type-page","status-publish","hentry","content-wrap"],"yoast_head":"<!-- This site is optimized with the Yoast SEO plugin v26.7 - https:\/\/yoast.com\/wordpress\/plugins\/seo\/ -->\n<title>SOLICITA TU KIT DIGITAL -<\/title>\n<meta name=\"robots\" content=\"index, follow, max-snippet:-1, max-image-preview:large, max-video-preview:-1\" \/>\n<link rel=\"canonical\" href=\"https:\/\/es.wubook.net\/blog\/4291-2\" \/>\n<meta property=\"og:locale\" content=\"es_ES\" \/>\n<meta property=\"og:type\" content=\"article\" \/>\n<meta property=\"og:title\" content=\"SOLICITA TU KIT DIGITAL -\" \/>\n<meta property=\"og:description\" content=\"\u00bfQu\u00e9 es? Kit Digital es una iniciativa del Gobierno de Espa\u00f1a,\u00a0cuyo objetivo es subvencionar la implantaci\u00f3n de soluciones...\" \/>\n<meta property=\"og:url\" content=\"https:\/\/es.wubook.net\/blog\/4291-2\" \/>\n<meta property=\"article:modified_time\" content=\"2023-05-24T08:37:59+00:00\" \/>\n<meta property=\"og:image\" content=\"https:\/\/es.wubook.net\/blog\/wp-content\/uploads\/2023\/05\/kitdigital.png\" \/>\n<meta name=\"twitter:card\" content=\"summary_large_image\" \/>\n<meta name=\"twitter:label1\" content=\"Tiempo de lectura\" \/>\n\t<meta name=\"twitter:data1\" content=\"3 minutos\" \/>\n<script type=\"application\/ld+json\" class=\"yoast-schema-graph\">{\"@context\":\"https:\/\/schema.org\",\"@graph\":[{\"@type\":\"WebPage\",\"@id\":\"https:\/\/es.wubook.net\/blog\/4291-2\",\"url\":\"https:\/\/es.wubook.net\/blog\/4291-2\",\"name\":\"SOLICITA TU KIT DIGITAL -\",\"isPartOf\":{\"@id\":\"https:\/\/es.wubook.net\/blog\/#website\"},\"primaryImageOfPage\":{\"@id\":\"https:\/\/es.wubook.net\/blog\/4291-2#primaryimage\"},\"image\":{\"@id\":\"https:\/\/es.wubook.net\/blog\/4291-2#primaryimage\"},\"thumbnailUrl\":\"https:\/\/es.wubook.net\/blog\/wp-content\/uploads\/2023\/05\/kitdigital.png\",\"datePublished\":\"2023-05-24T08:31:10+00:00\",\"dateModified\":\"2023-05-24T08:37:59+00:00\",\"breadcrumb\":{\"@id\":\"https:\/\/es.wubook.net\/blog\/4291-2#breadcrumb\"},\"inLanguage\":\"es\",\"potentialAction\":[{\"@type\":\"ReadAction\",\"target\":[\"https:\/\/es.wubook.net\/blog\/4291-2\"]}]},{\"@type\":\"ImageObject\",\"inLanguage\":\"es\",\"@id\":\"https:\/\/es.wubook.net\/blog\/4291-2#primaryimage\",\"url\":\"https:\/\/es.wubook.net\/blog\/wp-content\/uploads\/2023\/05\/kitdigital.png\",\"contentUrl\":\"https:\/\/es.wubook.net\/blog\/wp-content\/uploads\/2023\/05\/kitdigital.png\",\"width\":1024,\"height\":305},{\"@type\":\"BreadcrumbList\",\"@id\":\"https:\/\/es.wubook.net\/blog\/4291-2#breadcrumb\",\"itemListElement\":[{\"@type\":\"ListItem\",\"position\":1,\"name\":\"Home\",\"item\":\"https:\/\/es.wubook.net\/blog\/\"},{\"@type\":\"ListItem\",\"position\":2,\"name\":\"SOLICITA TU KIT DIGITAL\"}]},{\"@type\":\"WebSite\",\"@id\":\"https:\/\/es.wubook.net\/blog\/#website\",\"url\":\"https:\/\/es.wubook.net\/blog\/\",\"name\":\"\",\"description\":\"El Blog en espa\u00f1ol de WuBook\",\"potentialAction\":[{\"@type\":\"SearchAction\",\"target\":{\"@type\":\"EntryPoint\",\"urlTemplate\":\"https:\/\/es.wubook.net\/blog\/?s={search_term_string}\"},\"query-input\":{\"@type\":\"PropertyValueSpecification\",\"valueRequired\":true,\"valueName\":\"search_term_string\"}}],\"inLanguage\":\"es\"}]}<\/script>\n<!-- \/ Yoast SEO plugin. -->","yoast_head_json":{"title":"SOLICITA TU KIT DIGITAL -","robots":{"index":"index","follow":"follow","max-snippet":"max-snippet:-1","max-image-preview":"max-image-preview:large","max-video-preview":"max-video-preview:-1"},"canonical":"https:\/\/es.wubook.net\/blog\/4291-2","og_locale":"es_ES","og_type":"article","og_title":"SOLICITA TU KIT DIGITAL -","og_description":"\u00bfQu\u00e9 es? Kit Digital es una iniciativa del Gobierno de Espa\u00f1a,\u00a0cuyo objetivo es subvencionar la implantaci\u00f3n de soluciones...","og_url":"https:\/\/es.wubook.net\/blog\/4291-2","article_modified_time":"2023-05-24T08:37:59+00:00","og_image":[{"url":"https:\/\/es.wubook.net\/blog\/wp-content\/uploads\/2023\/05\/kitdigital.png","type":"","width":"","height":""}],"twitter_card":"summary_large_image","twitter_misc":{"Tiempo de lectura":"3 minutos"},"schema":{"@context":"https:\/\/schema.org","@graph":[{"@type":"WebPage","@id":"https:\/\/es.wubook.net\/blog\/4291-2","url":"https:\/\/es.wubook.net\/blog\/4291-2","name":"SOLICITA TU KIT DIGITAL -","isPartOf":{"@id":"https:\/\/es.wubook.net\/blog\/#website"},"primaryImageOfPage":{"@id":"https:\/\/es.wubook.net\/blog\/4291-2#primaryimage"},"image":{"@id":"https:\/\/es.wubook.net\/blog\/4291-2#primaryimage"},"thumbnailUrl":"https:\/\/es.wubook.net\/blog\/wp-content\/uploads\/2023\/05\/kitdigital.png","datePublished":"2023-05-24T08:31:10+00:00","dateModified":"2023-05-24T08:37:59+00:00","breadcrumb":{"@id":"https:\/\/es.wubook.net\/blog\/4291-2#breadcrumb"},"inLanguage":"es","potentialAction":[{"@type":"ReadAction","target":["https:\/\/es.wubook.net\/blog\/4291-2"]}]},{"@type":"ImageObject","inLanguage":"es","@id":"https:\/\/es.wubook.net\/blog\/4291-2#primaryimage","url":"https:\/\/es.wubook.net\/blog\/wp-content\/uploads\/2023\/05\/kitdigital.png","contentUrl":"https:\/\/es.wubook.net\/blog\/wp-content\/uploads\/2023\/05\/kitdigital.png","width":1024,"height":305},{"@type":"BreadcrumbList","@id":"https:\/\/es.wubook.net\/blog\/4291-2#breadcrumb","itemListElement":[{"@type":"ListItem","position":1,"name":"Home","item":"https:\/\/es.wubook.net\/blog\/"},{"@type":"ListItem","position":2,"name":"SOLICITA TU KIT DIGITAL"}]},{"@type":"WebSite","@id":"https:\/\/es.wubook.net\/blog\/#website","url":"https:\/\/es.wubook.net\/blog\/","name":"","description":"El Blog en espa\u00f1ol de WuBook","potentialAction":[{"@type":"SearchAction","target":{"@type":"EntryPoint","urlTemplate":"https:\/\/es.wubook.net\/blog\/?s={search_term_string}"},"query-input":{"@type":"PropertyValueSpecification","valueRequired":true,"valueName":"search_term_string"}}],"inLanguage":"es"}]}},"_links":{"self":[{"href":"https:\/\/es.wubook.net\/blog\/wp-json\/wp\/v2\/pages\/4291","targetHints":{"allow":["GET"]}}],"collection":[{"href":"https:\/\/es.wubook.net\/blog\/wp-json\/wp\/v2\/pages"}],"about":[{"href":"https:\/\/es.wubook.net\/blog\/wp-json\/wp\/v2\/types\/page"}],"author":[{"embeddable":true,"href":"https:\/\/es.wubook.net\/blog\/wp-json\/wp\/v2\/users\/965"}],"replies":[{"embeddable":true,"href":"https:\/\/es.wubook.net\/blog\/wp-json\/wp\/v2\/comments?post=4291"}],"version-history":[{"count":45,"href":"https:\/\/es.wubook.net\/blog\/wp-json\/wp\/v2\/pages\/4291\/revisions"}],"predecessor-version":[{"id":4361,"href":"https:\/\/es.wubook.net\/blog\/wp-json\/wp\/v2\/pages\/4291\/revisions\/4361"}],"wp:attachment":[{"href":"https:\/\/es.wubook.net\/blog\/wp-json\/wp\/v2\/media?parent=4291"}],"curies":[{"name":"wp","href":"https:\/\/api.w.org\/{rel}","templated":true}]}}