{"id":4457,"date":"2023-07-07T11:53:25","date_gmt":"2023-07-07T09:53:25","guid":{"rendered":"https:\/\/es.wubook.net\/blog\/?page_id=4457"},"modified":"2023-07-07T11:54:14","modified_gmt":"2023-07-07T09:54:14","slug":"subscribete","status":"publish","type":"page","link":"https:\/\/es.wubook.net\/blog\/subscribete","title":{"rendered":"SUBSCRIBETE"},"content":{"rendered":"\n<div id=\"mc_embed_shell\">\n      <link href=\"\/\/cdn-images.mailchimp.com\/embedcode\/classic-061523.css\" rel=\"stylesheet\" type=\"text\/css\">\n  <style type=\"text\/css\">\n        #mc_embed_signup{background:#fff; false;clear:left; font:14px Helvetica,Arial,sans-serif; width: 600px;}\n        \/* Add your own Mailchimp form style overrides in your site stylesheet or in this style block.\n           We recommend moving this block and the preceding CSS link to the HEAD of your HTML file. *\/\n<\/style><style type=\"text\/css\">\n        #mc-embedded-subscribe-form input[type=checkbox]{display: inline; width: auto;margin-right: 10px;}\n#mergeRow-gdpr {margin-top: 20px;}\n#mergeRow-gdpr fieldset label {font-weight: normal;}\n#mc-embedded-subscribe-form .mc_fieldset{border:none;min-height: 0px;padding-bottom:100px;}\n<\/style>\n<div id=\"mc_embed_signup\">\n    <form action=\"https:\/\/wubook.us21.list-manage.com\/subscribe\/post?u=df7ad0208a29fc8b86e618d39&amp;id=4e488a2af7&amp;v_id=122&amp;f_id=00a059e1f0\" method=\"post\" id=\"mc-embedded-subscribe-form\" name=\"mc-embedded-subscribe-form\" class=\"validate\" target=\"_blank\">\n        <div id=\"mc_embed_signup_scroll\"><h2>Subscribe<\/h2>\n            <div class=\"indicates-required\"><span class=\"asterisk\">*<\/span> indicates required<\/div>\n            <div class=\"mc-field-group\"><label for=\"mce-EMAIL\">Direcci\u00f3n de correo electr\u00f3nico <span class=\"asterisk\">*<\/span><\/label><input type=\"email\" name=\"EMAIL\" class=\"required email\" id=\"mce-EMAIL\" required=\"\" value=\"\"><span id=\"mce-EMAIL-HELPERTEXT\" class=\"helper_text\"><\/span><\/div><div class=\"mc-field-group\"><label for=\"mce-FNAME\">Nombre <\/label><input type=\"text\" name=\"FNAME\" class=\" text\" id=\"mce-FNAME\" value=\"\"><\/div><div id=\"mergeRow-gdpr\" class=\"mergeRow gdpr-mergeRow content__gdprBlock mc-field-group\"><div class=\"content__gdpr\"><label>Permisos de promoci\u00f3n<\/label><p>Seleccione todas las formas en que le gustar\u00eda recibir noticias de Wubook Alpha Services S.L.:<\/p><fieldset class=\"mc_fieldset gdprRequired mc-field-group\" name=\"interestgroup_field\"><label class=\"checkbox subfield\" for=\"gdpr1298\"><input type=\"checkbox\" id=\"gdpr_1298\" name=\"gdpr[1298]\" class=\"gdpr\" value=\"Y\"><span>Correo electr\u00f3nico<\/span><\/label><\/fieldset><p>Puede desuscribirse en cualquier momento haciendo clic en el enlace que aparece en el pie de p\u00e1gina de nuestros correos electr\u00f3nicos. Para obtener informaci\u00f3n sobre nuestras pr\u00e1cticas de privacidad, visite nuestro sitio web.<\/p><\/div><div class=\"content__gdprLegal\">\n<\/div><\/div>\n        <div id=\"mce-responses\" class=\"clearfalse\">\n            <div class=\"response\" id=\"mce-error-response\" style=\"display: none;\"><\/div>\n            <div class=\"response\" id=\"mce-success-response\" style=\"display: none;\"><\/div>\n        <\/div><div aria-hidden=\"true\" style=\"position: absolute; left: -5000px;\"><input type=\"text\" name=\"b_df7ad0208a29fc8b86e618d39_4e488a2af7\" tabindex=\"-1\" value=\"\"><\/div><div class=\"clear\"><input type=\"submit\" name=\"subscribe\" id=\"mc-embedded-subscribe\" class=\"button\" value=\"Subscribe\"><\/div>\n    <\/div>\n<\/form>\n<\/div>\n<script type=\"text\/javascript\" src=\"\/\/s3.amazonaws.com\/downloads.mailchimp.com\/js\/mc-validate.js\"><\/script><script type=\"text\/javascript\">(function($) {window.fnames = new Array(); window.ftypes = new Array();fnames[0]=EMAIL;ftypes[0]=merge;,fnames[1]=FNAME;ftypes[1]=merge;,fnames[2]=LNAME;ftypes[2]=merge;\/*\n * Translated default messages for the $ validation plugin.\n * Locale: ES\n *\/\n$.extend($.validator.messages, {\n  required: \"Este campo es obligatorio.\",\n  remote: \"Por favor, rellena este campo.\",\n  email: \"Por favor, escribe una direcci\u00f3n de correo v\u00e1lida\",\n  url: \"Por favor, escribe una URL v\u00e1lida.\",\n  date: \"Por favor, escribe una fecha v\u00e1lida.\",\n  dateISO: \"Por favor, escribe una fecha (ISO) v\u00e1lida.\",\n  number: \"Por favor, escribe un n\u00famero entero v\u00e1lido.\",\n  digits: \"Por favor, escribe s\u00f3lo d\u00edgitos.\",\n  creditcard: \"Por favor, escribe un n\u00famero de tarjeta v\u00e1lido.\",\n  equalTo: \"Por favor, escribe el mismo valor de nuevo.\",\n  accept: \"Por favor, escribe un valor con una extensi\u00f3n aceptada.\",\n  maxlength: $.validator.format(\"Por favor, no escribas m\u00e1s de {0} caracteres.\"),\n  minlength: $.validator.format(\"Por favor, no escribas menos de {0} caracteres.\"),\n  rangelength: $.validator.format(\"Por favor, escribe un valor entre {0} y {1} caracteres.\"),\n  range: $.validator.format(\"Por favor, escribe un valor entre {0} y {1}.\"),\n  max: $.validator.format(\"Por favor, escribe un valor menor o igual a {0}.\"),\n  min: $.validator.format(\"Por favor, escribe un valor mayor o igual a {0}.\")\n});}(jQuery));var $mcj = jQuery.noConflict(true);<\/script><\/div>\n\n","protected":false},"excerpt":{"rendered":"<p>Subscribe * indicates required Direcci\u00f3n de correo electr\u00f3nico * Nombre Permisos de promoci\u00f3n Seleccione todas las formas en&#8230;<\/p>\n","protected":false},"author":965,"featured_media":0,"parent":0,"menu_order":0,"comment_status":"closed","ping_status":"closed","template":"","meta":{"footnotes":""},"class_list":["post-4457","page","type-page","status-publish","hentry","content-wrap"],"yoast_head":"<!-- This site is optimized with the Yoast SEO plugin v26.7 - https:\/\/yoast.com\/wordpress\/plugins\/seo\/ -->\n<title>SUBSCRIBETE -<\/title>\n<meta name=\"robots\" content=\"index, follow, max-snippet:-1, max-image-preview:large, max-video-preview:-1\" \/>\n<link rel=\"canonical\" href=\"https:\/\/es.wubook.net\/blog\/subscribete\" \/>\n<meta property=\"og:locale\" content=\"es_ES\" \/>\n<meta property=\"og:type\" content=\"article\" \/>\n<meta property=\"og:title\" content=\"SUBSCRIBETE -\" \/>\n<meta property=\"og:description\" content=\"Subscribe * indicates required Direcci\u00f3n de correo electr\u00f3nico * Nombre Permisos de promoci\u00f3n Seleccione todas las formas en...\" \/>\n<meta property=\"og:url\" content=\"https:\/\/es.wubook.net\/blog\/subscribete\" \/>\n<meta property=\"article:modified_time\" content=\"2023-07-07T09:54:14+00:00\" \/>\n<meta name=\"twitter:card\" content=\"summary_large_image\" \/>\n<meta name=\"twitter:label1\" content=\"Tiempo de lectura\" \/>\n\t<meta name=\"twitter:data1\" content=\"2 minutos\" \/>\n<script type=\"application\/ld+json\" class=\"yoast-schema-graph\">{\"@context\":\"https:\/\/schema.org\",\"@graph\":[{\"@type\":\"WebPage\",\"@id\":\"https:\/\/es.wubook.net\/blog\/subscribete\",\"url\":\"https:\/\/es.wubook.net\/blog\/subscribete\",\"name\":\"SUBSCRIBETE -\",\"isPartOf\":{\"@id\":\"https:\/\/es.wubook.net\/blog\/#website\"},\"datePublished\":\"2023-07-07T09:53:25+00:00\",\"dateModified\":\"2023-07-07T09:54:14+00:00\",\"breadcrumb\":{\"@id\":\"https:\/\/es.wubook.net\/blog\/subscribete#breadcrumb\"},\"inLanguage\":\"es\",\"potentialAction\":[{\"@type\":\"ReadAction\",\"target\":[\"https:\/\/es.wubook.net\/blog\/subscribete\"]}]},{\"@type\":\"BreadcrumbList\",\"@id\":\"https:\/\/es.wubook.net\/blog\/subscribete#breadcrumb\",\"itemListElement\":[{\"@type\":\"ListItem\",\"position\":1,\"name\":\"Home\",\"item\":\"https:\/\/es.wubook.net\/blog\/\"},{\"@type\":\"ListItem\",\"position\":2,\"name\":\"SUBSCRIBETE\"}]},{\"@type\":\"WebSite\",\"@id\":\"https:\/\/es.wubook.net\/blog\/#website\",\"url\":\"https:\/\/es.wubook.net\/blog\/\",\"name\":\"\",\"description\":\"El Blog en espa\u00f1ol de WuBook\",\"potentialAction\":[{\"@type\":\"SearchAction\",\"target\":{\"@type\":\"EntryPoint\",\"urlTemplate\":\"https:\/\/es.wubook.net\/blog\/?s={search_term_string}\"},\"query-input\":{\"@type\":\"PropertyValueSpecification\",\"valueRequired\":true,\"valueName\":\"search_term_string\"}}],\"inLanguage\":\"es\"}]}<\/script>\n<!-- \/ Yoast SEO plugin. -->","yoast_head_json":{"title":"SUBSCRIBETE -","robots":{"index":"index","follow":"follow","max-snippet":"max-snippet:-1","max-image-preview":"max-image-preview:large","max-video-preview":"max-video-preview:-1"},"canonical":"https:\/\/es.wubook.net\/blog\/subscribete","og_locale":"es_ES","og_type":"article","og_title":"SUBSCRIBETE -","og_description":"Subscribe * indicates required Direcci\u00f3n de correo electr\u00f3nico * Nombre Permisos de promoci\u00f3n Seleccione todas las formas en...","og_url":"https:\/\/es.wubook.net\/blog\/subscribete","article_modified_time":"2023-07-07T09:54:14+00:00","twitter_card":"summary_large_image","twitter_misc":{"Tiempo de lectura":"2 minutos"},"schema":{"@context":"https:\/\/schema.org","@graph":[{"@type":"WebPage","@id":"https:\/\/es.wubook.net\/blog\/subscribete","url":"https:\/\/es.wubook.net\/blog\/subscribete","name":"SUBSCRIBETE -","isPartOf":{"@id":"https:\/\/es.wubook.net\/blog\/#website"},"datePublished":"2023-07-07T09:53:25+00:00","dateModified":"2023-07-07T09:54:14+00:00","breadcrumb":{"@id":"https:\/\/es.wubook.net\/blog\/subscribete#breadcrumb"},"inLanguage":"es","potentialAction":[{"@type":"ReadAction","target":["https:\/\/es.wubook.net\/blog\/subscribete"]}]},{"@type":"BreadcrumbList","@id":"https:\/\/es.wubook.net\/blog\/subscribete#breadcrumb","itemListElement":[{"@type":"ListItem","position":1,"name":"Home","item":"https:\/\/es.wubook.net\/blog\/"},{"@type":"ListItem","position":2,"name":"SUBSCRIBETE"}]},{"@type":"WebSite","@id":"https:\/\/es.wubook.net\/blog\/#website","url":"https:\/\/es.wubook.net\/blog\/","name":"","description":"El Blog en espa\u00f1ol de WuBook","potentialAction":[{"@type":"SearchAction","target":{"@type":"EntryPoint","urlTemplate":"https:\/\/es.wubook.net\/blog\/?s={search_term_string}"},"query-input":{"@type":"PropertyValueSpecification","valueRequired":true,"valueName":"search_term_string"}}],"inLanguage":"es"}]}},"_links":{"self":[{"href":"https:\/\/es.wubook.net\/blog\/wp-json\/wp\/v2\/pages\/4457","targetHints":{"allow":["GET"]}}],"collection":[{"href":"https:\/\/es.wubook.net\/blog\/wp-json\/wp\/v2\/pages"}],"about":[{"href":"https:\/\/es.wubook.net\/blog\/wp-json\/wp\/v2\/types\/page"}],"author":[{"embeddable":true,"href":"https:\/\/es.wubook.net\/blog\/wp-json\/wp\/v2\/users\/965"}],"replies":[{"embeddable":true,"href":"https:\/\/es.wubook.net\/blog\/wp-json\/wp\/v2\/comments?post=4457"}],"version-history":[{"count":4,"href":"https:\/\/es.wubook.net\/blog\/wp-json\/wp\/v2\/pages\/4457\/revisions"}],"predecessor-version":[{"id":4461,"href":"https:\/\/es.wubook.net\/blog\/wp-json\/wp\/v2\/pages\/4457\/revisions\/4461"}],"wp:attachment":[{"href":"https:\/\/es.wubook.net\/blog\/wp-json\/wp\/v2\/media?parent=4457"}],"curies":[{"name":"wp","href":"https:\/\/api.w.org\/{rel}","templated":true}]}}