{"id":4795,"date":"2024-05-06T18:19:01","date_gmt":"2024-05-06T16:19:01","guid":{"rendered":"https:\/\/es.wubook.net\/blog\/?page_id=4795"},"modified":"2024-05-06T18:19:02","modified_gmt":"2024-05-06T16:19:02","slug":"que-es-wubook","status":"publish","type":"page","link":"https:\/\/es.wubook.net\/blog\/que-es-wubook","title":{"rendered":"\u00bfQu\u00e9 es WuBook?"},"content":{"rendered":"\n<p>\u00bfTiene alojamiento? \u00bfQuiere sacarle el m\u00e1ximo partido?<\/p>\n\n\n\n<p>WuBook es la soluci\u00f3n de software completa y personalizable para la gesti\u00f3n de habitaciones y tarifas. En una \u00fanica plataforma online, accesible tanto desde escritorio como desde m\u00f3vil, WuBook te permite gestionar cualquier tipo de alojamiento.<\/p>\n\n\n\n<figure class=\"wp-block-image size-full\"><img fetchpriority=\"high\" decoding=\"async\" width=\"900\" height=\"611\" src=\"https:\/\/es.wubook.net\/blog\/wp-content\/uploads\/2024\/05\/zak-booking-engine.jpg\" alt=\"\" class=\"wp-image-4797\" srcset=\"https:\/\/es.wubook.net\/blog\/wp-content\/uploads\/2024\/05\/zak-booking-engine.jpg 900w, https:\/\/es.wubook.net\/blog\/wp-content\/uploads\/2024\/05\/zak-booking-engine-300x204.jpg 300w, https:\/\/es.wubook.net\/blog\/wp-content\/uploads\/2024\/05\/zak-booking-engine-768x521.jpg 768w, https:\/\/es.wubook.net\/blog\/wp-content\/uploads\/2024\/05\/zak-booking-engine-600x407.jpg 600w\" sizes=\"(max-width: 900px) 100vw, 900px\" \/><\/figure>\n\n\n\n<h2 class=\"wp-block-heading\">Las funcionalidades de WuBook para todos los alojamientos<\/h2>\n\n\n\n<p>Los servicios que ofrece la suite WuBook est\u00e1n dise\u00f1ados para satisfacer las necesidades de gesti\u00f3n y comercializaci\u00f3n de cualquier negocio de alojamiento.<\/p>\n\n\n\n<h3 class=\"wp-block-heading\">Gesti\u00f3n hotelera<\/h3>\n\n\n\n<p>Con la gesti\u00f3n hotelera de WuBook podr\u00e1 gestionar reservas, habitaciones, tarifas, limpieza, facturaci\u00f3n electr\u00f3nica y mucho m\u00e1s, todo desde una \u00fanica interfaz.<\/p>\n\n\n\n<h3 class=\"wp-block-heading\">Gestor de canales<\/h3>\n\n\n\n<p>El gestor de canales sincroniza autom\u00e1ticamente la disponibilidad, tarifas y restricciones de cada habitaci\u00f3n con las OTAs y metabuscadores. Totalmente integrado con el sistema de gesti\u00f3n hotelera para una visi\u00f3n completa.<\/p>\n\n\n\n<h3 class=\"wp-block-heading\">Motor de reservas<\/h3>\n\n\n\n<p>La recepci\u00f3n en l\u00ednea donde recibir\u00e1 las reservas directamente desde el sitio web de su hotel. Le permite crear ofertas personalizadas y fidelizar a sus clientes.<\/p>\n\n\n\n<h3 class=\"wp-block-heading\">Creaci\u00f3n del sitio web<\/h3>\n\n\n\n<p>La p\u00e1gina web de su hotel, directamente conectada al PMS, integrada con el motor de reservas, personalizable gr\u00e1ficamente, multiling\u00fce y optimizada para los motores de b\u00fasqueda (SEO).<\/p>\n\n\n\n<h3 class=\"wp-block-heading\">M\u00f3dulo de restaurante<\/h3>\n\n\n\n<p>Software de gesti\u00f3n para hoteles con restaurante, con el que podr\u00e1 asociar mesas a las habitaciones de su hotel y gestionar tambi\u00e9n las reservas de clientes externos.<\/p>\n\n\n\n<h3 class=\"wp-block-heading\">Yield Manager<\/h3>\n\n\n\n<p>Establezca sus propias reglas para gestionar autom\u00e1ticamente los precios y la disponibilidad de sus habitaciones en funci\u00f3n de las reservas que reciba. Aumente sus ingresos.<\/p>\n\n\n\n<h3 class=\"wp-block-heading\">Hotel Estimator<\/h3>\n\n\n\n<p>El Hotel Estimator le permite crear un n\u00famero ilimitado de presupuestos que puede personalizar con plantillas predefinidas o con texto e im\u00e1genes de su elecci\u00f3n.<\/p>\n\n\n\n<figure class=\"wp-block-image size-full\"><img decoding=\"async\" width=\"900\" height=\"611\" src=\"https:\/\/es.wubook.net\/blog\/wp-content\/uploads\/2024\/05\/zak_gestione-ristorante.jpg\" alt=\"\" class=\"wp-image-4796\" srcset=\"https:\/\/es.wubook.net\/blog\/wp-content\/uploads\/2024\/05\/zak_gestione-ristorante.jpg 900w, https:\/\/es.wubook.net\/blog\/wp-content\/uploads\/2024\/05\/zak_gestione-ristorante-300x204.jpg 300w, https:\/\/es.wubook.net\/blog\/wp-content\/uploads\/2024\/05\/zak_gestione-ristorante-768x521.jpg 768w, https:\/\/es.wubook.net\/blog\/wp-content\/uploads\/2024\/05\/zak_gestione-ristorante-600x407.jpg 600w\" sizes=\"(max-width: 900px) 100vw, 900px\" \/><\/figure>\n\n\n\n<h2 class=\"wp-block-heading\">Las ventajas de elegir WuBook<\/h2>\n\n\n\n<p>\u00bfSab\u00eda que m\u00e1s de 22.000 instalaciones en todo el mundo ya han elegido WuBook?<\/p>\n\n\n\n<p>El software WuBook es<\/p>\n\n\n\n<p>1) apto para cualquier establecimiento (hoteles, B&amp;B, casas de vacaciones, pisos);<\/p>\n\n\n\n<p>2) modular, es decir, puede elegir las funciones que necesite y suspenderlas en cualquier momento;<\/p>\n\n\n\n<p>3) sin limitaciones: puede utilizar gratuitamente la Base de Gesti\u00f3n Hotelera.<\/p>\n\n\n\n<p>Adem\u00e1s, gracias al sistema ON-OFF, s\u00f3lo activar\u00e1 y pagar\u00e1 las funciones adicionales que elija y \u00fanicamente cuando las necesite.<\/p>\n\n\n\n<p>Al unirse a nuestra comunidad<\/p>\n\n\n\n<ul class=\"wp-block-list\">\n<li>puede conectar todas las principales OTA y Metabuscadores a trav\u00e9s de nuestro gestor de canales;<\/li>\n\n\n\n<li>puedes interactuar con nosotros a trav\u00e9s de un foro dedicado;<\/li>\n\n\n\n<li>puede ponerse en contacto con nuestro soporte interno, disponible 7 d\u00edas a la semana (correo electr\u00f3nico, chat, tel\u00e9fono) de forma totalmente gratuita.<\/li>\n<\/ul>\n\n\n\n<figure class=\"wp-block-image size-full\"><img decoding=\"async\" width=\"900\" height=\"611\" src=\"https:\/\/es.wubook.net\/blog\/wp-content\/uploads\/2024\/05\/zak-pms-homepage.jpg\" alt=\"\" class=\"wp-image-4798\" srcset=\"https:\/\/es.wubook.net\/blog\/wp-content\/uploads\/2024\/05\/zak-pms-homepage.jpg 900w, https:\/\/es.wubook.net\/blog\/wp-content\/uploads\/2024\/05\/zak-pms-homepage-300x204.jpg 300w, https:\/\/es.wubook.net\/blog\/wp-content\/uploads\/2024\/05\/zak-pms-homepage-768x521.jpg 768w, https:\/\/es.wubook.net\/blog\/wp-content\/uploads\/2024\/05\/zak-pms-homepage-600x407.jpg 600w\" sizes=\"(max-width: 900px) 100vw, 900px\" \/><\/figure>\n\n\n\n<h2 class=\"wp-block-heading\">Soluciones para socios tecnol\u00f3gicos<\/h2>\n\n\n\n<p>Si est\u00e1s buscando un socio tecnol\u00f3gico, el software WuBook te permite conectar e integrar un potente Channel Manager y Booking Engine con tu sistema, v\u00eda API. Una vez desarrollada la integraci\u00f3n, podr\u00e1 elegir qu\u00e9 servicios activar y gestionarlos mensualmente, sin ning\u00fan tipo de restricciones.<\/p>\n","protected":false},"excerpt":{"rendered":"<p>\u00bfTiene alojamiento? \u00bfQuiere sacarle el m\u00e1ximo partido? WuBook es la soluci\u00f3n de software completa y personalizable para la&#8230;<\/p>\n","protected":false},"author":967,"featured_media":4800,"parent":0,"menu_order":0,"comment_status":"closed","ping_status":"closed","template":"","meta":{"footnotes":""},"class_list":["post-4795","page","type-page","status-publish","has-post-thumbnail","hentry","content-wrap"],"yoast_head":"<!-- This site is optimized with the Yoast SEO plugin v26.7 - https:\/\/yoast.com\/wordpress\/plugins\/seo\/ -->\n<title>\u00bfQu\u00e9 es WuBook? -<\/title>\n<meta name=\"robots\" content=\"index, follow, max-snippet:-1, max-image-preview:large, max-video-preview:-1\" \/>\n<link rel=\"canonical\" href=\"https:\/\/es.wubook.net\/blog\/que-es-wubook\" \/>\n<meta property=\"og:locale\" content=\"es_ES\" \/>\n<meta property=\"og:type\" content=\"article\" \/>\n<meta property=\"og:title\" content=\"\u00bfQu\u00e9 es WuBook? -\" \/>\n<meta property=\"og:description\" content=\"\u00bfTiene alojamiento? \u00bfQuiere sacarle el m\u00e1ximo partido? WuBook es la soluci\u00f3n de software completa y personalizable para la...\" \/>\n<meta property=\"og:url\" content=\"https:\/\/es.wubook.net\/blog\/que-es-wubook\" \/>\n<meta property=\"article:modified_time\" content=\"2024-05-06T16:19:02+00:00\" \/>\n<meta property=\"og:image\" content=\"https:\/\/es.wubook.net\/blog\/wp-content\/uploads\/2024\/05\/zak-booking-engine-1.jpg\" \/>\n\t<meta property=\"og:image:width\" content=\"900\" \/>\n\t<meta property=\"og:image:height\" content=\"611\" \/>\n\t<meta property=\"og:image:type\" content=\"image\/jpeg\" \/>\n<meta name=\"twitter:card\" content=\"summary_large_image\" \/>\n<meta name=\"twitter:label1\" content=\"Tiempo de lectura\" \/>\n\t<meta name=\"twitter:data1\" content=\"3 minutos\" \/>\n<script type=\"application\/ld+json\" class=\"yoast-schema-graph\">{\"@context\":\"https:\/\/schema.org\",\"@graph\":[{\"@type\":\"WebPage\",\"@id\":\"https:\/\/es.wubook.net\/blog\/que-es-wubook\",\"url\":\"https:\/\/es.wubook.net\/blog\/que-es-wubook\",\"name\":\"\u00bfQu\u00e9 es WuBook? -\",\"isPartOf\":{\"@id\":\"https:\/\/es.wubook.net\/blog\/#website\"},\"primaryImageOfPage\":{\"@id\":\"https:\/\/es.wubook.net\/blog\/que-es-wubook#primaryimage\"},\"image\":{\"@id\":\"https:\/\/es.wubook.net\/blog\/que-es-wubook#primaryimage\"},\"thumbnailUrl\":\"https:\/\/es.wubook.net\/blog\/wp-content\/uploads\/2024\/05\/zak-booking-engine-1.jpg\",\"datePublished\":\"2024-05-06T16:19:01+00:00\",\"dateModified\":\"2024-05-06T16:19:02+00:00\",\"breadcrumb\":{\"@id\":\"https:\/\/es.wubook.net\/blog\/que-es-wubook#breadcrumb\"},\"inLanguage\":\"es\",\"potentialAction\":[{\"@type\":\"ReadAction\",\"target\":[\"https:\/\/es.wubook.net\/blog\/que-es-wubook\"]}]},{\"@type\":\"ImageObject\",\"inLanguage\":\"es\",\"@id\":\"https:\/\/es.wubook.net\/blog\/que-es-wubook#primaryimage\",\"url\":\"https:\/\/es.wubook.net\/blog\/wp-content\/uploads\/2024\/05\/zak-booking-engine-1.jpg\",\"contentUrl\":\"https:\/\/es.wubook.net\/blog\/wp-content\/uploads\/2024\/05\/zak-booking-engine-1.jpg\",\"width\":900,\"height\":611},{\"@type\":\"BreadcrumbList\",\"@id\":\"https:\/\/es.wubook.net\/blog\/que-es-wubook#breadcrumb\",\"itemListElement\":[{\"@type\":\"ListItem\",\"position\":1,\"name\":\"Home\",\"item\":\"https:\/\/es.wubook.net\/blog\/\"},{\"@type\":\"ListItem\",\"position\":2,\"name\":\"\u00bfQu\u00e9 es WuBook?\"}]},{\"@type\":\"WebSite\",\"@id\":\"https:\/\/es.wubook.net\/blog\/#website\",\"url\":\"https:\/\/es.wubook.net\/blog\/\",\"name\":\"\",\"description\":\"El Blog en espa\u00f1ol de WuBook\",\"potentialAction\":[{\"@type\":\"SearchAction\",\"target\":{\"@type\":\"EntryPoint\",\"urlTemplate\":\"https:\/\/es.wubook.net\/blog\/?s={search_term_string}\"},\"query-input\":{\"@type\":\"PropertyValueSpecification\",\"valueRequired\":true,\"valueName\":\"search_term_string\"}}],\"inLanguage\":\"es\"}]}<\/script>\n<!-- \/ Yoast SEO plugin. -->","yoast_head_json":{"title":"\u00bfQu\u00e9 es WuBook? -","robots":{"index":"index","follow":"follow","max-snippet":"max-snippet:-1","max-image-preview":"max-image-preview:large","max-video-preview":"max-video-preview:-1"},"canonical":"https:\/\/es.wubook.net\/blog\/que-es-wubook","og_locale":"es_ES","og_type":"article","og_title":"\u00bfQu\u00e9 es WuBook? -","og_description":"\u00bfTiene alojamiento? \u00bfQuiere sacarle el m\u00e1ximo partido? WuBook es la soluci\u00f3n de software completa y personalizable para la...","og_url":"https:\/\/es.wubook.net\/blog\/que-es-wubook","article_modified_time":"2024-05-06T16:19:02+00:00","og_image":[{"width":900,"height":611,"url":"https:\/\/es.wubook.net\/blog\/wp-content\/uploads\/2024\/05\/zak-booking-engine-1.jpg","type":"image\/jpeg"}],"twitter_card":"summary_large_image","twitter_misc":{"Tiempo de lectura":"3 minutos"},"schema":{"@context":"https:\/\/schema.org","@graph":[{"@type":"WebPage","@id":"https:\/\/es.wubook.net\/blog\/que-es-wubook","url":"https:\/\/es.wubook.net\/blog\/que-es-wubook","name":"\u00bfQu\u00e9 es WuBook? -","isPartOf":{"@id":"https:\/\/es.wubook.net\/blog\/#website"},"primaryImageOfPage":{"@id":"https:\/\/es.wubook.net\/blog\/que-es-wubook#primaryimage"},"image":{"@id":"https:\/\/es.wubook.net\/blog\/que-es-wubook#primaryimage"},"thumbnailUrl":"https:\/\/es.wubook.net\/blog\/wp-content\/uploads\/2024\/05\/zak-booking-engine-1.jpg","datePublished":"2024-05-06T16:19:01+00:00","dateModified":"2024-05-06T16:19:02+00:00","breadcrumb":{"@id":"https:\/\/es.wubook.net\/blog\/que-es-wubook#breadcrumb"},"inLanguage":"es","potentialAction":[{"@type":"ReadAction","target":["https:\/\/es.wubook.net\/blog\/que-es-wubook"]}]},{"@type":"ImageObject","inLanguage":"es","@id":"https:\/\/es.wubook.net\/blog\/que-es-wubook#primaryimage","url":"https:\/\/es.wubook.net\/blog\/wp-content\/uploads\/2024\/05\/zak-booking-engine-1.jpg","contentUrl":"https:\/\/es.wubook.net\/blog\/wp-content\/uploads\/2024\/05\/zak-booking-engine-1.jpg","width":900,"height":611},{"@type":"BreadcrumbList","@id":"https:\/\/es.wubook.net\/blog\/que-es-wubook#breadcrumb","itemListElement":[{"@type":"ListItem","position":1,"name":"Home","item":"https:\/\/es.wubook.net\/blog\/"},{"@type":"ListItem","position":2,"name":"\u00bfQu\u00e9 es WuBook?"}]},{"@type":"WebSite","@id":"https:\/\/es.wubook.net\/blog\/#website","url":"https:\/\/es.wubook.net\/blog\/","name":"","description":"El Blog en espa\u00f1ol de WuBook","potentialAction":[{"@type":"SearchAction","target":{"@type":"EntryPoint","urlTemplate":"https:\/\/es.wubook.net\/blog\/?s={search_term_string}"},"query-input":{"@type":"PropertyValueSpecification","valueRequired":true,"valueName":"search_term_string"}}],"inLanguage":"es"}]}},"_links":{"self":[{"href":"https:\/\/es.wubook.net\/blog\/wp-json\/wp\/v2\/pages\/4795","targetHints":{"allow":["GET"]}}],"collection":[{"href":"https:\/\/es.wubook.net\/blog\/wp-json\/wp\/v2\/pages"}],"about":[{"href":"https:\/\/es.wubook.net\/blog\/wp-json\/wp\/v2\/types\/page"}],"author":[{"embeddable":true,"href":"https:\/\/es.wubook.net\/blog\/wp-json\/wp\/v2\/users\/967"}],"replies":[{"embeddable":true,"href":"https:\/\/es.wubook.net\/blog\/wp-json\/wp\/v2\/comments?post=4795"}],"version-history":[{"count":1,"href":"https:\/\/es.wubook.net\/blog\/wp-json\/wp\/v2\/pages\/4795\/revisions"}],"predecessor-version":[{"id":4799,"href":"https:\/\/es.wubook.net\/blog\/wp-json\/wp\/v2\/pages\/4795\/revisions\/4799"}],"wp:featuredmedia":[{"embeddable":true,"href":"https:\/\/es.wubook.net\/blog\/wp-json\/wp\/v2\/media\/4800"}],"wp:attachment":[{"href":"https:\/\/es.wubook.net\/blog\/wp-json\/wp\/v2\/media?parent=4795"}],"curies":[{"name":"wp","href":"https:\/\/api.w.org\/{rel}","templated":true}]}}